{"id":9,"date":"2017-03-02T16:02:46","date_gmt":"2017-03-02T15:02:46","guid":{"rendered":"http:\/\/setsis.uca.fr\/?page_id=9"},"modified":"2024-11-07T11:39:14","modified_gmt":"2024-11-07T10:39:14","slug":"contact","status":"publish","type":"page","link":"http:\/\/setsis.eupi.uca.fr\/?page_id=9","title":{"rendered":"Candidater au Master Setsis via \u00ab\u00a0monmaster\u00a0\u00bb"},"content":{"rendered":"\n<p class=\"has-cyan-bluish-gray-color has-text-color\"><strong>Comment candidater?<\/strong><br>Vous devez au moins avoir un niveau L3 (Bac + 3) avec de bonnes connaissances en programmation informatique. <\/p>\n\n\n\n<p class=\"has-text-align-center has-cyan-bluish-gray-color has-text-color\"><strong><a href=\"https:\/\/www.monmaster.gouv.fr\/master\/universite-clermont-auvergne-1\/traitement-du-signal-et-des-images-8?q=systeme%20embarqu%C3%A9&amp;p=3&amp;position=25&amp;layout=1\">Candidater au Master SETSIS sur monmaster<\/a><\/strong><\/p>\n\n\n\n<p class=\"has-text-align-left has-cyan-bluish-gray-color has-text-color\"><strong>Co\u00fbt de l&rsquo;inscription:<\/strong><\/p>\n\n\n\n<p class=\"has-text-align-left has-cyan-bluish-gray-color has-text-color\"><strong>Etudiants fran\u00e7ais et europ\u00e9ens : 243\u20ac<\/strong><\/p>\n\n\n\n<p class=\"has-text-align-left has-cyan-bluish-gray-color has-text-color\"><strong>Droits d\u2019inscription par ann\u00e9e pour les \u00e9tudiants boursiers : 0 \u20ac<br><\/strong><\/p>\n\n\n\n<p><a href=\"https:\/\/www.uca.fr\/formation\/candidature-et-inscription\/candidature\/etudiants-extra-communautaires-droits-d-inscription\/etudiants-extra-communautaires-droits-d-inscription-188563.kjsp\">En savoir plus sur les frais d&rsquo;inscription&#8230;..<\/a><\/p>\n\n\n\n<p><span style=\"color: #99ccff;\"><em>Nous vous conseillons aussi de prendre contact par mail avec Laurent TRASSOUDAINE (laurent.trassoudaine@uca.fr) en lui envoyant votre CV et les relev\u00e9s de notes de licence dont vous disposez.<\/em><\/span><\/p>\n\n\n\n<p class=\"has-text-color\" style=\"color:#e60606\"><span style=\"color: #ffff99;\"><strong>Pour les \u00e9tudiants \u00e9trangers, pri\u00e8re de suivre la proc\u00e9dure Campus France et non celle d\u00e9crite ci-dessus.<\/strong><\/span><\/p>\n","protected":false},"excerpt":{"rendered":"<p>Comment candidater?Vous devez au moins avoir un niveau L3 (Bac + 3) avec de bonnes connaissances en programmation informatique. Candidater au Master SETSIS sur monmaster Co\u00fbt de l&rsquo;inscription: Etudiants fran\u00e7ais et europ\u00e9ens : 243\u20ac Droits d\u2019inscription par ann\u00e9e pour les \u00e9tudiants boursiers : 0 \u20ac En savoir plus sur les frais d&rsquo;inscription&#8230;.. Nous vous conseillons [&hellip;]<\/p>\n","protected":false},"author":1,"featured_media":0,"parent":0,"menu_order":0,"comment_status":"closed","ping_status":"closed","template":"","meta":{"footnotes":""},"class_list":["post-9","page","type-page","status-publish","hentry"],"_links":{"self":[{"href":"http:\/\/setsis.eupi.uca.fr\/index.php?rest_route=\/wp\/v2\/pages\/9"}],"collection":[{"href":"http:\/\/setsis.eupi.uca.fr\/index.php?rest_route=\/wp\/v2\/pages"}],"about":[{"href":"http:\/\/setsis.eupi.uca.fr\/index.php?rest_route=\/wp\/v2\/types\/page"}],"author":[{"embeddable":true,"href":"http:\/\/setsis.eupi.uca.fr\/index.php?rest_route=\/wp\/v2\/users\/1"}],"replies":[{"embeddable":true,"href":"http:\/\/setsis.eupi.uca.fr\/index.php?rest_route=%2Fwp%2Fv2%2Fcomments&post=9"}],"version-history":[{"count":17,"href":"http:\/\/setsis.eupi.uca.fr\/index.php?rest_route=\/wp\/v2\/pages\/9\/revisions"}],"predecessor-version":[{"id":599,"href":"http:\/\/setsis.eupi.uca.fr\/index.php?rest_route=\/wp\/v2\/pages\/9\/revisions\/599"}],"wp:attachment":[{"href":"http:\/\/setsis.eupi.uca.fr\/index.php?rest_route=%2Fwp%2Fv2%2Fmedia&parent=9"}],"curies":[{"name":"wp","href":"https:\/\/api.w.org\/{rel}","templated":true}]}}