{"id":93,"date":"2017-03-02T23:21:55","date_gmt":"2017-03-02T22:21:55","guid":{"rendered":"http:\/\/setsis.uca.fr\/?page_id=93"},"modified":"2025-11-29T00:21:18","modified_gmt":"2025-11-28T23:21:18","slug":"admission","status":"publish","type":"page","link":"http:\/\/setsis.eupi.uca.fr\/?page_id=93","title":{"rendered":"Fin du Master SETSIS"},"content":{"rendered":"<p>A partir de l&rsquo;ann\u00e9e prochaine 2026-2027, le Master SETSIS n&rsquo;existera plus. C&rsquo;est une d\u00e9cision prise par les responsables de l&rsquo;<a href=\"https:\/\/eupi.uca.fr\/l-eupi\/le-mot-du-directeur\">EUPI<\/a> sans aucune concertation avec les porteurs de formation. La raison <strong>est purement \u00e9conomique<\/strong> avec comme seul crit\u00e8re un trop faible nombre d&rsquo;\u00e9tudiants.<\/p>\n<p>En cons\u00e9quence,\u00a0 nous vous conseillons d &lsquo;aller voir les Masters suivants en vous souhaitant bonne chance:<\/p>\n<h2 data-start=\"183\" data-end=\"212\">1. Syst\u00e8mes embarqu\u00e9s + IA<\/h2>\n<ol data-start=\"214\" data-end=\"1767\">\n<li data-start=\"214\" data-end=\"532\">\n<p data-start=\"217\" data-end=\"532\"><strong data-start=\"217\" data-end=\"380\">CY Cergy Paris Universit\u00e9 \u2013 Master Informatique et ing\u00e9nierie des syst\u00e8mes complexes, parcours \u201cSyst\u00e8mes intelligents et communicants \/ intelligence embarqu\u00e9e\u201d<\/strong><br data-start=\"380\" data-end=\"383\" \/>Focus : syst\u00e8mes embarqu\u00e9s dot\u00e9s de services IA (reconnaissance, analyse de situation, d\u00e9cision autonome). <span class=\"\" data-state=\"closed\"><span class=\"ms-1 inline-flex max-w-full items-center relative top-[-0.094rem] animate-[show_150ms_ease-in]\" data-testid=\"webpage-citation-pill\"><a class=\"flex h-4.5 overflow-hidden rounded-xl px-2 text-[9px] font-medium transition-colors duration-150 ease-in-out text-token-text-secondary! bg-[#F4F4F4]! dark:bg-[#303030]!\" href=\"https:\/\/www.cyu.fr\/formation\/trouver-sa-formation\/catalogue-des-formations\/master-informatique-et-ingenierie-des-systemes-complexes-systemes-intelligents-et-communicants-intelligence-embarquee?utm_source=chatgpt.com\" target=\"_blank\" rel=\"noopener\"><span class=\"relative start-0 bottom-0 flex h-full w-full items-center\"><span class=\"flex h-4 w-full items-center justify-between overflow-hidden\"><span class=\"max-w-[15ch] grow truncate overflow-hidden text-center\">CY Cergy Paris Universit\u00e9<\/span><\/span><\/span><\/a><\/span><\/span><\/p>\n<\/li>\n<li data-start=\"534\" data-end=\"770\">\n<p data-start=\"537\" data-end=\"770\"><strong data-start=\"537\" data-end=\"668\">Universit\u00e9 de Toulon \u2013 Master Ing\u00e9nierie des syst\u00e8mes complexes, parcours \u201cRobotique intelligente et syst\u00e8mes embarqu\u00e9s (RISE)\u201d<\/strong><br data-start=\"668\" data-end=\"671\" \/>4 axes : robotique, automatique, IA, syst\u00e8mes embarqu\u00e9s. <span class=\"\" data-state=\"closed\"><span class=\"ms-1 inline-flex max-w-full items-center relative top-[-0.094rem] animate-[show_150ms_ease-in]\" data-testid=\"webpage-citation-pill\"><a class=\"flex h-4.5 overflow-hidden rounded-xl px-2 text-[9px] font-medium transition-colors duration-150 ease-in-out text-token-text-secondary! bg-[#F4F4F4]! dark:bg-[#303030]!\" href=\"https:\/\/www.univ-tln.fr\/Master-Ingenierie-des-systemes-complexes-parcours-Robotique-et-Objets.html?utm_source=chatgpt.com\" target=\"_blank\" rel=\"noopener\"><span class=\"relative start-0 bottom-0 flex h-full w-full items-center\"><span class=\"flex h-4 w-full items-center justify-between overflow-hidden\"><span class=\"max-w-[15ch] grow truncate overflow-hidden text-center\">Universit\u00e9 de Toulon<\/span><\/span><\/span><\/a><\/span><\/span><\/p>\n<\/li>\n<li data-start=\"772\" data-end=\"1017\">\n<p data-start=\"775\" data-end=\"1017\"><strong data-start=\"775\" data-end=\"893\">Universit\u00e9 de Rouen Normandie \u2013 Master Sciences des donn\u00e9es, parcours \u201cSyst\u00e8mes intelligents mobiles et embarqu\u00e9s\u201d<\/strong><br data-start=\"893\" data-end=\"896\" \/>Orientation : syst\u00e8mes intelligents mobiles\/embarqu\u00e9s, data science appliqu\u00e9e. <span class=\"\" data-state=\"closed\"><span class=\"ms-1 inline-flex max-w-full items-center relative top-[-0.094rem] animate-[show_150ms_ease-in]\" data-testid=\"webpage-citation-pill\"><a class=\"flex h-4.5 overflow-hidden rounded-xl px-2 text-[9px] font-medium transition-colors duration-150 ease-in-out text-token-text-secondary! bg-[#F4F4F4]! dark:bg-[#303030]!\" href=\"https:\/\/formation.univ-rouen.fr\/fr\/catalogue-de-l-offre-de-formation\/master-lmd-XB\/master-science-des-donnees-L5HXA4SK\/master-sciences-des-donnees-systemes-intelligents-mobiles-et-embarques-L5HXCD9Y.html?utm_source=chatgpt.com\" target=\"_blank\" rel=\"noopener\"><span class=\"relative start-0 bottom-0 flex h-full w-full items-center\"><span class=\"flex h-4 w-full items-center justify-between overflow-hidden\"><span class=\"max-w-[15ch] grow truncate overflow-hidden text-center\">Universit\u00e9 de Rouen Normandie<\/span><\/span><\/span><\/a><\/span><\/span><\/p>\n<\/li>\n<li data-start=\"1019\" data-end=\"1248\">\n<p data-start=\"1022\" data-end=\"1248\"><strong data-start=\"1022\" data-end=\"1097\">Universit\u00e9 Bretagne Sud \u2013 Master Syst\u00e8mes embarqu\u00e9s \/ syst\u00e8mes int\u00e9gr\u00e9s<\/strong><br data-start=\"1097\" data-end=\"1100\" \/>Conception de syst\u00e8mes \u00e9lectroniques et informatiques embarqu\u00e9s, capteurs intelligents, objets connect\u00e9s. <span class=\"\" data-state=\"closed\"><span class=\"ms-1 inline-flex max-w-full items-center relative top-[-0.094rem] animate-[show_150ms_ease-in]\" data-testid=\"webpage-citation-pill\"><a class=\"flex h-4.5 overflow-hidden rounded-xl px-2 text-[9px] font-medium transition-colors duration-150 ease-in-out text-token-text-secondary! bg-[#F4F4F4]! dark:bg-[#303030]!\" href=\"https:\/\/www.univ-ubs.fr\/fr\/formation-initiale-continue\/formations\/master-XB\/sciences-technologies-sante-STS\/master-systemes-embarques-systemes-integres-5SSY00_217.html?utm_source=chatgpt.com\" target=\"_blank\" rel=\"noopener\"><span class=\"relative start-0 bottom-0 flex h-full w-full items-center\"><span class=\"flex h-4 w-full items-center justify-between overflow-hidden\"><span class=\"max-w-[15ch] grow truncate overflow-hidden text-center\">Universit\u00e9 Bretagne Sud<\/span><\/span><\/span><\/a><\/span><\/span><\/p>\n<\/li>\n<li data-start=\"1250\" data-end=\"1513\">\n<p data-start=\"1253\" data-end=\"1513\"><strong data-start=\"1253\" data-end=\"1357\">Universit\u00e9 Paris-Saclay \u2013 Master EEEA, M2 \u201cSyst\u00e8mes embarqu\u00e9s et traitement de l\u2019information (SETI)\u201d<\/strong><br data-start=\"1357\" data-end=\"1360\" \/>Conception de syst\u00e8mes embarqu\u00e9s (mat\u00e9riel, logiciel, int\u00e9gration), possibilit\u00e9 de lier \u00e0 des applications IA. <span class=\"\" data-state=\"closed\"><span class=\"ms-1 inline-flex max-w-full items-center relative top-[-0.094rem] animate-[show_150ms_ease-in]\" data-testid=\"webpage-citation-pill\"><a class=\"flex h-4.5 overflow-hidden rounded-xl px-2 text-[9px] font-medium transition-colors duration-150 ease-in-out text-token-text-secondary! bg-[#F4F4F4]! dark:bg-[#303030]!\" href=\"https:\/\/www.universite-paris-saclay.fr\/formation\/master\/electronique-energie-electrique-automatique\/m2-systemes-embarques-et-traitement-de-linformation?utm_source=chatgpt.com\" target=\"_blank\" rel=\"noopener\"><span class=\"relative start-0 bottom-0 flex h-full w-full items-center\"><span class=\"flex h-4 w-full items-center justify-between overflow-hidden\"><span class=\"max-w-[15ch] grow truncate overflow-hidden text-center\">Universit\u00e9 Paris-Saclay<\/span><\/span><\/span><\/a><\/span><\/span><\/p>\n<\/li>\n<li data-start=\"1515\" data-end=\"1767\">\n<p data-start=\"1518\" data-end=\"1767\"><strong data-start=\"1518\" data-end=\"1618\">Universit\u00e9 de Picardie Jules Verne \u2013 Master G\u00e9nie industriel, parcours \u201cSyst\u00e8mes embarqu\u00e9s (M2)\u201d<\/strong><br data-start=\"1618\" data-end=\"1621\" \/>Comp\u00e9tences en informatique, \u00e9lectronique embarqu\u00e9e et d\u00e9veloppement de produits industriels innovants. <span class=\"\" data-state=\"closed\"><span class=\"ms-1 inline-flex max-w-full items-center relative top-[-0.094rem] animate-[show_150ms_ease-in]\" data-testid=\"webpage-citation-pill\"><a class=\"flex h-4.5 overflow-hidden rounded-xl px-2 text-[9px] font-medium transition-colors duration-150 ease-in-out text-token-text-secondary! bg-[#F4F4F4]! dark:bg-[#303030]!\" href=\"https:\/\/www.u-picardie.fr\/formation\/catalogue\/master-genie-industriel\/master-systemes-embarques-m2?utm_source=chatgpt.com\" target=\"_blank\" rel=\"noopener\"><span class=\"relative start-0 bottom-0 flex h-full w-full items-center\"><span class=\"flex h-4 w-full items-center justify-between overflow-hidden\"><span class=\"max-w-[15ch] grow truncate overflow-hidden text-center\">UPJV<\/span><\/span><\/span><\/a><\/span><\/span><\/p>\n<\/li>\n<\/ol>\n<hr data-start=\"1769\" data-end=\"1772\" \/>\n<h2 data-start=\"1774\" data-end=\"1827\">2. Vision, traitement d\u2019image + apprentissage \/ IA<\/h2>\n<ol data-start=\"1829\" data-end=\"3242\">\n<li data-start=\"1829\" data-end=\"2048\">\n<p data-start=\"1832\" data-end=\"2048\"><strong data-start=\"1832\" data-end=\"1928\">Universit\u00e9 Paris Cit\u00e9 \u2013 Master Informatique, parcours \u201cVision et Machine Intelligente (VMI)\u201d<\/strong><br data-start=\"1928\" data-end=\"1931\" \/>Vision par ordinateur, reconnaissance visuelle, apprentissage machine, IA. <span class=\"\" data-state=\"closed\"><span class=\"ms-1 inline-flex max-w-full items-center relative top-[-0.094rem] animate-[show_150ms_ease-in]\" data-testid=\"webpage-citation-pill\"><a class=\"flex h-4.5 overflow-hidden rounded-xl px-2 text-[9px] font-medium transition-colors duration-150 ease-in-out text-token-text-secondary! bg-[#F4F4F4]! dark:bg-[#303030]!\" href=\"https:\/\/math-info.u-paris.fr\/master-informatique\/parcours-vision-et-machine-intelligente\/?utm_source=chatgpt.com\" target=\"_blank\" rel=\"noopener\"><span class=\"relative start-0 bottom-0 flex h-full w-full items-center\"><span class=\"flex h-4 w-full items-center justify-between\"><span class=\"max-w-[15ch] grow truncate overflow-hidden text-center\">math-info.u-paris.fr<\/span><span class=\"-me-1 flex h-full items-center rounded-full px-1 text-[#8F8F8F]\">+1<\/span><\/span><\/span><\/a><\/span><\/span><\/p>\n<\/li>\n<li data-start=\"2050\" data-end=\"2266\">\n<p data-start=\"2053\" data-end=\"2266\"><strong data-start=\"2053\" data-end=\"2149\">ENS Paris-Saclay \/ Universit\u00e9 Paris-Saclay \u2013 M2 \u201cMath\u00e9matiques, Vision, Apprentissage (MVA)\u201d<\/strong><br data-start=\"2149\" data-end=\"2152\" \/>Master recherche de r\u00e9f\u00e9rence en vision, apprentissage statistique, IA. <span class=\"\" data-state=\"closed\"><span class=\"ms-1 inline-flex max-w-full items-center relative top-[-0.094rem] animate-[show_150ms_ease-in]\" data-testid=\"webpage-citation-pill\"><a class=\"flex h-4.5 overflow-hidden rounded-xl px-2 text-[9px] font-medium transition-colors duration-150 ease-in-out text-token-text-secondary! bg-[#F4F4F4]! dark:bg-[#303030]!\" href=\"https:\/\/www.universite-paris-saclay.fr\/formation\/master\/mathematiques-et-applications\/m2-mathematiques-vision-apprentissage?utm_source=chatgpt.com\" target=\"_blank\" rel=\"noopener\"><span class=\"relative start-0 bottom-0 flex h-full w-full items-center\"><span class=\"flex h-4 w-full items-center justify-between\"><span class=\"max-w-[15ch] grow truncate overflow-hidden text-center\">Universit\u00e9 Paris-Saclay<\/span><span class=\"-me-1 flex h-full items-center rounded-full px-1 text-[#8F8F8F]\">+1<\/span><\/span><\/span><\/a><\/span><\/span><\/p>\n<\/li>\n<li data-start=\"2268\" data-end=\"2505\">\n<p data-start=\"2271\" data-end=\"2505\"><strong data-start=\"2271\" data-end=\"2388\">Sorbonne Universit\u00e9 \u2013 Master Informatique, parcours \u201cIMA \u2013 Images, vision par ordinateur, informatique graphique\u201d<\/strong><br data-start=\"2388\" data-end=\"2391\" \/>Traitement et analyse d\u2019images, vision par ordinateur, rendu graphique. <span class=\"\" data-state=\"closed\"><span class=\"ms-1 inline-flex max-w-full items-center relative top-[-0.094rem] animate-[show_150ms_ease-in]\" data-testid=\"webpage-citation-pill\"><a class=\"flex h-4.5 overflow-hidden rounded-xl px-2 text-[9px] font-medium transition-colors duration-150 ease-in-out text-token-text-secondary! bg-[#F4F4F4]! dark:bg-[#303030]!\" href=\"https:\/\/sciences.sorbonne-universite.fr\/formation-sciences\/offre-de-formation\/masters\/master-informatique\/parcours-ima?utm_source=chatgpt.com\" target=\"_blank\" rel=\"noopener\"><span class=\"relative start-0 bottom-0 flex h-full w-full items-center\"><span class=\"flex h-4 w-full items-center justify-between overflow-hidden\"><span class=\"max-w-[15ch] grow truncate overflow-hidden text-center\">Sorbonne Universit\u00e9 Sciences<\/span><\/span><\/span><\/a><\/span><\/span><\/p>\n<\/li>\n<li data-start=\"2507\" data-end=\"2784\">\n<p data-start=\"2510\" data-end=\"2784\"><strong data-start=\"2510\" data-end=\"2608\">Universit\u00e9 Toulouse III \u2013 Master, parcours \u201cSignal, image et apprentissage automatique (SIA2)\u201d<\/strong><br data-start=\"2608\" data-end=\"2611\" \/>Conception de syst\u00e8mes d\u2019acquisition\/traitement de signaux et images pour t\u00e9l\u00e9coms, vision par ordinateur, imagerie m\u00e9dicale, etc. <span class=\"\" data-state=\"closed\"><span class=\"ms-1 inline-flex max-w-full items-center relative top-[-0.094rem] animate-[show_150ms_ease-in]\" data-testid=\"webpage-citation-pill\"><a class=\"flex h-4.5 overflow-hidden rounded-xl px-2 text-[9px] font-medium transition-colors duration-150 ease-in-out text-token-text-secondary! bg-[#F4F4F4]! dark:bg-[#303030]!\" href=\"https:\/\/www.univ-tlse3.fr\/decouvrir-nos-diplomes\/master-parcours-signal-image-et-apprentissage-automatique-sia2?utm_source=chatgpt.com\" target=\"_blank\" rel=\"noopener\"><span class=\"relative start-0 bottom-0 flex h-full w-full items-center\"><span class=\"flex h-4 w-full items-center justify-between overflow-hidden\"><span class=\"max-w-[15ch] grow truncate overflow-hidden text-center\">Universit\u00e9 de Toulouse<\/span><\/span><\/span><\/a><\/span><\/span><\/p>\n<\/li>\n<li data-start=\"2786\" data-end=\"3017\">\n<p data-start=\"2789\" data-end=\"3017\"><strong data-start=\"2789\" data-end=\"2899\">Universit\u00e9 de Lorraine \u2013 M2 \u201cIA\u00b2VR \u2013 Intelligence artificielle et ses applications en vision et robotique\u201d<\/strong><br data-start=\"2899\" data-end=\"2902\" \/>IA, apprentissage automatique appliqu\u00e9s \u00e0 la vision et \u00e0 la robotique. <span class=\"\" data-state=\"closed\"><span class=\"ms-1 inline-flex max-w-full items-center relative top-[-0.094rem] animate-[show_150ms_ease-in]\" data-testid=\"webpage-citation-pill\"><a class=\"flex h-4.5 overflow-hidden rounded-xl px-2 text-[9px] font-medium transition-colors duration-150 ease-in-out text-token-text-secondary! bg-[#F4F4F4]! dark:bg-[#303030]!\" href=\"https:\/\/licence-master-informatique.formation.univ-lorraine.fr\/master\/m2-parcours-avr\/?utm_source=chatgpt.com\" target=\"_blank\" rel=\"noopener\"><span class=\"relative start-0 bottom-0 flex h-full w-full items-center\"><span class=\"flex h-4 w-full items-center justify-between overflow-hidden\"><span class=\"max-w-[15ch] grow truncate overflow-hidden text-center\">Licence Info<\/span><\/span><\/span><\/a><\/span><\/span><\/p>\n<\/li>\n<li data-start=\"3019\" data-end=\"3242\">\n<p data-start=\"3022\" data-end=\"3242\"><strong data-start=\"3022\" data-end=\"3119\">Masters \u201cOptique, image, vision, multim\u00e9dia\u201d (plusieurs universit\u00e9s : UPEC, Strasbourg, etc.)<\/strong><br data-start=\"3119\" data-end=\"3122\" \/>Regroupent des parcours orient\u00e9s imagerie, vision, biom\u00e9trie, data science. <span class=\"\" data-state=\"closed\"><span class=\"ms-1 inline-flex max-w-full items-center relative top-[-0.094rem] animate-[show_150ms_ease-in]\" data-testid=\"webpage-citation-pill\"><a class=\"flex h-4.5 overflow-hidden rounded-xl px-2 text-[9px] font-medium transition-colors duration-150 ease-in-out text-token-text-secondary! bg-[#F4F4F4]! dark:bg-[#303030]!\" href=\"https:\/\/www.onisep.fr\/ressources\/univers-formation\/formations\/post-bac\/master-mention-optique-image-vision-multimedia?utm_source=chatgpt.com\" target=\"_blank\" rel=\"noopener\"><span class=\"relative start-0 bottom-0 flex h-full w-full items-center\"><span class=\"flex h-4 w-full items-center justify-between absolute\"><span class=\"max-w-[15ch] grow truncate overflow-hidden text-center\">Univ Strasbourg<\/span><span class=\"-me-1 flex h-full items-center rounded-full px-1 text-[#8F8F8F]\">+3<\/span><\/span><span class=\"flex h-4 w-full items-center justify-between\"><span class=\"max-w-[15ch] grow truncate overflow-hidden text-center\">Onisep<\/span><span class=\"-me-1 flex h-full items-center rounded-full px-1 text-[#8F8F8F]\">+3<\/span><\/span><span class=\"flex h-4 w-full items-center justify-between absolute\"><span class=\"max-w-[15ch] grow truncate overflow-hidden text-center\">Universit\u00e9 Paris-Est Cr\u00e9teil<\/span><span class=\"-me-1 flex h-full items-center rounded-full px-1 text-[#8F8F8F]\">+3<\/span><\/span><\/span><\/a><\/span><\/span><\/p>\n<\/li>\n<\/ol>\n<hr data-start=\"3244\" data-end=\"3247\" \/>\n<h2 data-start=\"3249\" data-end=\"3315\">3. Masters IA avec liens possibles vers l\u2019embarqu\u00e9 ou la vision<\/h2>\n<p data-start=\"3317\" data-end=\"3451\">Quelques exemples pour l\u2019IA \u201cg\u00e9n\u00e9raliste\u201d avec, selon les options\/stages, possibilit\u00e9 de travailler sur syst\u00e8mes embarqu\u00e9s ou vision :<\/p>\n<ul data-start=\"3453\" data-end=\"4083\">\n<li data-start=\"3453\" data-end=\"3580\">\n<p data-start=\"3455\" data-end=\"3580\"><strong data-start=\"3455\" data-end=\"3511\">Universit\u00e9 Paris-Saclay \u2013 M1 Artificial Intelligence<\/strong> puis M2 sp\u00e9cialis\u00e9s en IA. <span class=\"\" data-state=\"closed\"><span class=\"ms-1 inline-flex max-w-full items-center relative top-[-0.094rem] animate-[show_150ms_ease-in]\" data-testid=\"webpage-citation-pill\"><a class=\"flex h-4.5 overflow-hidden rounded-xl px-2 text-[9px] font-medium transition-colors duration-150 ease-in-out text-token-text-secondary! bg-[#F4F4F4]! dark:bg-[#303030]!\" href=\"https:\/\/www.universite-paris-saclay.fr\/formation\/master\/informatique\/m1-artificial-intelligence?utm_source=chatgpt.com\" target=\"_blank\" rel=\"noopener\"><span class=\"relative start-0 bottom-0 flex h-full w-full items-center\"><span class=\"flex h-4 w-full items-center justify-between overflow-hidden\"><span class=\"max-w-[15ch] grow truncate overflow-hidden text-center\">Universit\u00e9 Paris-Saclay<\/span><\/span><\/span><\/a><\/span><\/span><\/p>\n<\/li>\n<li data-start=\"3581\" data-end=\"3720\">\n<p data-start=\"3583\" data-end=\"3720\"><strong data-start=\"3583\" data-end=\"3677\">PSL \u2013 Universit\u00e9 Paris-Dauphine \u2013 M2 \u201cIntelligence artificielle, syst\u00e8mes, donn\u00e9es (IASD)\u201d<\/strong>. <span class=\"\" data-state=\"closed\"><span class=\"ms-1 inline-flex max-w-full items-center relative top-[-0.094rem] animate-[show_150ms_ease-in]\" data-testid=\"webpage-citation-pill\"><a class=\"flex h-4.5 overflow-hidden rounded-xl px-2 text-[9px] font-medium transition-colors duration-150 ease-in-out text-token-text-secondary! bg-[#F4F4F4]! dark:bg-[#303030]!\" href=\"https:\/\/dauphine.psl.eu\/formations\/masters\/informatique\/m2-intelligence-artificielle-systemes-donnees?utm_source=chatgpt.com\" target=\"_blank\" rel=\"noopener\"><span class=\"relative start-0 bottom-0 flex h-full w-full items-center\"><span class=\"flex h-4 w-full items-center justify-between overflow-hidden\"><span class=\"max-w-[15ch] grow truncate overflow-hidden text-center\">Dauphine-PSL Paris<\/span><\/span><\/span><\/a><\/span><\/span><\/p>\n<\/li>\n<li data-start=\"3721\" data-end=\"3948\">\n<p data-start=\"3723\" data-end=\"3948\"><strong data-start=\"3723\" data-end=\"3825\">Universit\u00e9 Paris 8 \u2013 Master Informatique, parcours \u201cIng\u00e9nierie en Intelligence Artificielle (I2A)\u201d<\/strong>, avec options Internet des objets, syst\u00e8mes d\u2019information, sciences des donn\u00e9es. <span class=\"\" data-state=\"closed\"><span class=\"ms-1 inline-flex max-w-full items-center relative top-[-0.094rem] animate-[show_150ms_ease-in]\" data-testid=\"webpage-citation-pill\"><a class=\"flex h-4.5 overflow-hidden rounded-xl px-2 text-[9px] font-medium transition-colors duration-150 ease-in-out text-token-text-secondary! bg-[#F4F4F4]! dark:bg-[#303030]!\" href=\"https:\/\/www.univ-paris8.fr\/-Master-Ingenierie-en-Intelligence-Artificielle-I2A-?utm_source=chatgpt.com\" target=\"_blank\" rel=\"noopener\"><span class=\"relative start-0 bottom-0 flex h-full w-full items-center\"><span class=\"flex h-4 w-full items-center justify-between overflow-hidden\"><span class=\"max-w-[15ch] grow truncate overflow-hidden text-center\">Universit\u00e9 Paris 8<\/span><\/span><\/span><\/a><\/span><\/span><\/p>\n<\/li>\n<li data-start=\"3949\" data-end=\"4083\">\n<p data-start=\"3951\" data-end=\"4083\"><strong data-start=\"3951\" data-end=\"3988\">Masters IA d\u2019Avignon, EPITA, etc.<\/strong> recens\u00e9s dans des classements r\u00e9cents de masters IA. <span class=\"\" data-state=\"closed\"><span class=\"ms-1 inline-flex max-w-full items-center relative top-[-0.094rem] animate-[show_150ms_ease-in]\" data-testid=\"webpage-citation-pill\"><a class=\"flex h-4.5 overflow-hidden rounded-xl px-2 text-[9px] font-medium transition-colors duration-150 ease-in-out text-token-text-secondary! bg-[#F4F4F4]! dark:bg-[#303030]!\" href=\"https:\/\/formations.univ-avignon.fr\/formation\/master-informatique-intelligence-artificielle-ia\/?utm_source=chatgpt.com\" target=\"_blank\" rel=\"noopener\"><span class=\"relative start-0 bottom-0 flex h-full w-full items-center\"><span class=\"flex h-4 w-full items-center justify-between\"><span class=\"max-w-[15ch] grow truncate overflow-hidden text-center\">Formations Universit\u00e9 d&rsquo;Avignon<\/span><span class=\"-me-1 flex h-full items-center rounded-full px-1 text-[#8F8F8F]\">+2<\/span><\/span><\/span><\/a><\/span><\/span><\/p>\n<\/li>\n<\/ul>\n","protected":false},"excerpt":{"rendered":"<p>A partir de l&rsquo;ann\u00e9e prochaine 2026-2027, le Master SETSIS n&rsquo;existera plus. C&rsquo;est une d\u00e9cision prise par les responsables de l&rsquo;EUPI sans aucune concertation avec les porteurs de formation. La raison est purement \u00e9conomique avec comme seul crit\u00e8re un trop faible nombre d&rsquo;\u00e9tudiants. En cons\u00e9quence,\u00a0 nous vous conseillons d &lsquo;aller voir les Masters suivants en vous [&hellip;]<\/p>\n","protected":false},"author":1,"featured_media":127,"parent":0,"menu_order":0,"comment_status":"closed","ping_status":"closed","template":"","meta":{"footnotes":""},"class_list":["post-93","page","type-page","status-publish","has-post-thumbnail","hentry"],"_links":{"self":[{"href":"http:\/\/setsis.eupi.uca.fr\/index.php?rest_route=\/wp\/v2\/pages\/93"}],"collection":[{"href":"http:\/\/setsis.eupi.uca.fr\/index.php?rest_route=\/wp\/v2\/pages"}],"about":[{"href":"http:\/\/setsis.eupi.uca.fr\/index.php?rest_route=\/wp\/v2\/types\/page"}],"author":[{"embeddable":true,"href":"http:\/\/setsis.eupi.uca.fr\/index.php?rest_route=\/wp\/v2\/users\/1"}],"replies":[{"embeddable":true,"href":"http:\/\/setsis.eupi.uca.fr\/index.php?rest_route=%2Fwp%2Fv2%2Fcomments&post=93"}],"version-history":[{"count":10,"href":"http:\/\/setsis.eupi.uca.fr\/index.php?rest_route=\/wp\/v2\/pages\/93\/revisions"}],"predecessor-version":[{"id":610,"href":"http:\/\/setsis.eupi.uca.fr\/index.php?rest_route=\/wp\/v2\/pages\/93\/revisions\/610"}],"wp:featuredmedia":[{"embeddable":true,"href":"http:\/\/setsis.eupi.uca.fr\/index.php?rest_route=\/wp\/v2\/media\/127"}],"wp:attachment":[{"href":"http:\/\/setsis.eupi.uca.fr\/index.php?rest_route=%2Fwp%2Fv2%2Fmedia&parent=93"}],"curies":[{"name":"wp","href":"https:\/\/api.w.org\/{rel}","templated":true}]}}